{"id":1172,"date":"2017-10-05T20:11:56","date_gmt":"2017-10-05T20:11:56","guid":{"rendered":"http:\/\/www.kadindogumestetik.com\/?page_id=78"},"modified":"2025-07-07T13:24:12","modified_gmt":"2025-07-07T10:24:12","slug":"breast-implants","status":"publish","type":"page","link":"https:\/\/drdenizyildirim.com\/en\/breast-implants\/","title":{"rendered":"Breast Implants"},"content":{"rendered":"\t\t<div data-elementor-type=\"wp-page\" data-elementor-id=\"1172\" class=\"elementor elementor-1172\">\n\t\t\t\t\t\t<section class=\"elementor-section elementor-top-section elementor-element elementor-element-673fc310 elementor-section-boxed elementor-section-height-default elementor-section-height-default\" data-id=\"673fc310\" data-element_type=\"section\">\n\t\t\t\t\t\t<div class=\"elementor-container elementor-column-gap-default\">\n\t\t\t\t\t<div class=\"elementor-column elementor-col-100 elementor-top-column elementor-element elementor-element-24059482\" data-id=\"24059482\" data-element_type=\"column\">\n\t\t\t<div class=\"elementor-widget-wrap elementor-element-populated\">\n\t\t\t\t\t\t<div class=\"elementor-element elementor-element-48c6f536 elementor-widget elementor-widget-text-editor\" data-id=\"48c6f536\" data-element_type=\"widget\" data-widget_type=\"text-editor.default\">\n\t\t\t\t<div class=\"elementor-widget-container\">\n\t\t\t\t\t\t\t\t\t\n<h1 class=\"wp-block-heading\"><strong>\u00c7o\u011ful Gebelik Nedir?<\/strong><\/h1>\n\n<p>Birden \u00e7ok bebe\u011fe hamile kalma durumu \u00e7o\u011ful gebelik olarak adland\u0131r\u0131lmaktad\u0131r. \u0130kiz, \u00fc\u00e7\u00fcz, d\u00f6rd\u00fcz gebelikler \u00e7o\u011ful gebelik \u00e7e\u015fitleridir. En \u00e7ok g\u00f6r\u00fclen \u00e7o\u011ful gebelik de ikiz gebeliklerdir. \u0130kiz gebelik g\u00f6r\u00fclme olas\u0131l\u0131\u011f\u0131 yakla\u015f\u0131k olarak 85\u2019te 1\u2019dir.<\/p>\n\n<p>\u0130kizler, tek yumurta ikizleri, monozigotik ve \u00e7ift yumurta ikizleri yani dizigotik olmak \u00fczere iki gruba ayr\u0131l\u0131r. T\u00fcm ikiz durumlar\u0131n\u0131n yakla\u015f\u0131k \u00fc\u00e7te biri monozigotik (tek yumurta), \u00fc\u00e7te ikisi de dizigotik (\u00e7ift yumurta) ikizleridir.<\/p>\n\n<h3><strong>\u00c7ift Yumurta \u0130kizleri (Dizigot \u0130kizler)<\/strong><\/h3>\n\n<p>\u00c7ift yumurta ikizleri, k\u0131s\u0131rl\u0131k tedavisindeki gibi ayn\u0131 adet d\u00f6neminde at\u0131lan birden fazla yumurta h\u00fccresinin birden fazla sperm ile d\u00f6llenmesi sonucu meydana gelirler. Bu sebeple genetik olarak birbirlerinin ayn\u0131s\u0131 de\u011fillerdir. Dizigotik ikizlerin yakla\u015f\u0131k olarak %30\u2019u farkl\u0131 cinsiyette olurken, geri kalan %70\u2019lik k\u0131s\u0131m ayn\u0131 cinsiyette olmaktad\u0131r.<\/p>\n\n<p>\u00c7ift yumurta ikizleri, k\u0131s\u0131rl\u0131k tedavilerinde yumurtal\u0131klar\u0131n uyar\u0131lmas\u0131yla meydana getirilen gebeliklerde \u00f6zellikle \u00e7ok g\u00f6r\u00fcl\u00fcr.<\/p>\n\n<h3><strong>Tek Yumurta \u0130kizleri (Monozigot \u0130kizler)<\/strong><\/h3>\n\n<p>D\u00f6llenmi\u015f yumurtan\u0131n ikiye ayr\u0131lmas\u0131yla monozigot yani tek yumurta ikizleri ortaya \u00e7\u0131kar. Bu ikiye ayr\u0131lman\u0131n ne zaman ger\u00e7ekle\u015fti\u011fine g\u00f6re farkl\u0131 \u00f6zelliklerde ikiz hamilelikler ortaya \u00e7\u0131kar.<\/p>\n\n<p>E\u011fer yumurtan\u0131n ikiye b\u00f6l\u00fcnmesi d\u00f6llenmeden sonraki ilk 72 saat saat i\u00e7erisinde ger\u00e7ekle\u015firse ortaya iki bebek, iki amniyon zar\u0131 ve iki plasenta \u00e7\u0131kar. (diamniyotik, dikoriyonik) E\u011fer ikiye ayr\u0131lma 4-8 g\u00fcnler aras\u0131nda olursa plasenta bu d\u00f6nemde olu\u015ftu\u011fundan iki bebek, iki amniyon zar\u0131 ve tek plasenta olur. (diamniyotik, monokoriyonik) En fazla g\u00f6zlemlenen ikiz gebeliktir. 8. g\u00fcn olu\u015facak b\u00f6l\u00fcnmede ise iki bebek, bir amniyon ve bir plasenta olu\u015fur. (monoamniyotik, monokoriyonik) Bu noktadan sonraki b\u00f6l\u00fcnmeler yap\u0131\u015f\u0131k ikizlerin (siyam ikizleri) geli\u015fmesiyle sonu\u00e7lan\u0131r.<\/p>\n\n<h2><strong>Tek ve \u00c7ift Yumurta \u0130kizleri Nas\u0131l Ay\u0131rt Edilir?<\/strong><\/h2>\n\n<p>Tek bir plasentay\u0131 payla\u015fan ikizler her zaman i\u00e7in tek yumurta ikizleridir. Cinsiyetleri farkl\u0131 olan ikizler ise her zaman \u00e7ift yumurta ikizleridir. \u0130ki farkl\u0131 plasenta ve ayn\u0131 cinsiyette iki bebek bulunan gebeliklerde tek ya da \u00e7ift yumurta ayr\u0131m\u0131 yapmak o kadar kolay de\u011fildir. Bir tak\u0131m tetkikler gerektirir. \u0130kiz gebelik takibinde ikizlerin plasenta ve amniyon kesesi durumlar\u0131n\u0131 ultrasonla ilk 15 hafta i\u00e7erisinde de\u011ferlendirmek gerekir. Bu s\u00fcreden sonra de\u011ferlendirmenin yap\u0131lmas\u0131 olduk\u00e7a zorla\u015fmaktad\u0131r.<\/p>\n\n<h2><strong>\u0130kiz Gebelik \u0130htimalini Neler Artt\u0131r\u0131r?<\/strong><\/h2>\n\n<p>\u00c7ift yumurta ikiz gebelik oranlar\u0131n\u0131 k\u0131s\u0131r\u0131l\u0131k tedavisi uygulamalar\u0131, \u0131rksal farkl\u0131l\u0131klar, ailede ikiz, \u00fc\u00e7\u00fcz g\u00f6r\u00fclm\u00fc\u015f olmas\u0131 (genetik fakt\u00f6rler), anne aday\u0131n\u0131n ya\u015f\u0131, hormonal de\u011fi\u015fiklikler gibi fakt\u00f6rlerden etkilendi\u011fi d\u00fc\u015f\u00fcn\u00fclmektedir. Tek yumurta ikizlerininse farkl\u0131 toplumlarda g\u00f6r\u00fclme oranlar\u0131n\u0131n yakla\u015f\u0131k olarak ayn\u0131 oldu\u011funu s\u00f6ylemek m\u00fcmk\u00fcnd\u00fcr. \u00c7ift yumurta ikizlerinin %30\u2019u farkl\u0131 cinsiyette, %70 \u2018inde ise cinsiyet ayn\u0131d\u0131r.<\/p>\n\n<p>\u00dc\u00e7\u00fcz veya d\u00f6rd\u00fcz gebelik gibi di\u011fer \u00e7o\u011ful gebeliklerin de olu\u015fma \u015fekilleri ikiz gebeliklerle benzerdir. D\u00f6llenen yumurtan\u0131n \u00f6nce ikiye b\u00f6l\u00fcnmesi ard\u0131ndan par\u00e7alardan birinin tekrar b\u00f6l\u00fcnmesiyle \u00fc\u00e7\u00fczler olu\u015fur.<\/p>\n\n<h2><strong>\u0130kiz ve \u00c7o\u011ful Gebelik Ne Zaman ve Nas\u0131l Anla\u015f\u0131l\u0131r? &#8211; Belirtiler ve Tan\u0131<\/strong><\/h2>\n\n<p>E\u011fer rahim (uterus) beklenenden b\u00fcy\u00fck ise ve muayene esnas\u0131ndan birden \u00e7ok fetus k\u0131s\u0131mlar\u0131 elle hissedilebiliyorsa, bu durum \u00e7o\u011ful gebelik ihtimalini akla getirir. B\u00f6yle bir durumda kesin te\u015fhisin yap\u0131labilmesi ultrason ile m\u00fcmk\u00fcnd\u00fcr. Son ge\u00e7irilen adet d\u00f6neminden ba\u015flayarak 6. hafta itibariyle rahimde bulunan iki gebelik kesesi fark edilebilir. \u00c7o\u011ful gebeliklerde kandaki beta hCG de\u011ferlerinde de bir art\u0131\u015f g\u00f6r\u00fcl\u00fcr. Bu y\u00f6ntemlerle ikiz gebelik ve \u00e7o\u011ful gebelik anla\u015f\u0131labilir.<\/p>\n\n<p>Baz\u0131 durumlarda bu iki kesenin farkedilmesi, hatta iki fetus g\u00f6zlenmesine ra\u011fmen ilerleyen d\u00f6nemlerde fetus say\u0131s\u0131 bire inebilir. Kaybolan ikiz sendromu (vanishing twin syndrome) olarak adland\u0131r\u0131lan bu durum g\u00f6rece olarak s\u0131k g\u00f6zlemlenebilmektedir. Erken d\u00f6nemde e\u011fer bir ikizlik saptand\u0131ysa, herhangi bir s\u0131k\u0131nt\u0131 olmamas\u0131 ad\u0131na ultrason ile takibin s\u0131kla\u015ft\u0131r\u0131lmas\u0131 gereklidir. Kaybolan ikiz sendromunu \u00f6nlemek veya tedavi etmek g\u00fcn\u00fcm\u00fcz ko\u015fullar\u0131nda m\u00fcmk\u00fcn de\u011fildir.<\/p>\n\n<h3><strong>\u0130kiz ve \u00c7o\u011ful Hamileliklerde Riskler<\/strong><\/h3>\n\n<p>Anneye ve bebeklere zarar verme olas\u0131l\u0131\u011f\u0131ndan \u00f6t\u00fcr\u00fc \u00e7o\u011ful gebelikler riskli gebelik s\u0131n\u0131f\u0131nda incelenir. Annede salg\u0131lanan hormon miktar\u0131n\u0131n (hCG hormonu) art\u0131\u015f\u0131 sebebiyle bulant\u0131 ve kusmalar \u00e7o\u011ful gebeliklerde daha s\u0131kt\u0131r. Gebelikte g\u00f6r\u00fclen demir eksikli\u011fi anemisi daha yo\u011fun ya\u015fanabilir. Annenin almas\u0131 gereken besin miktar\u0131 normal gebeliklere g\u00f6re art\u0131\u015f g\u00f6sterir. Bu art\u0131\u015f yakla\u015f\u0131k olarak g\u00fcnl\u00fck 300 kalori kadard\u0131r.<\/p>\n\n<p>Erken do\u011fum (preterm do\u011fum) olas\u0131l\u0131\u011f\u0131 da ikiz ve \u00e7o\u011ful gebeliklerde art\u0131\u015f g\u00f6sterir. Bu nedenle do\u011fum esnas\u0131nda ve sonras\u0131nda deneyimli t\u0131bbi bir ekibin g\u00f6rev almas\u0131 gerekmektedr. Fetus say\u0131s\u0131 arrt\u0131k\u00e7a ortalama gebelik s\u00fcresinin azald\u0131\u011f\u0131na dair \u00e7al\u0131\u015fmalar bulunmaktad\u0131r. D\u00fc\u015f\u00fck riski de \u00e7o\u011ful gebeliklerde daha fazla olabilir, bu nedenle annede fiziksel hareketlerin azalt\u0131lmas\u0131 gerekebilir. \u00c7al\u0131\u015fmaya ara vermenin 28-30. haftalardan sonra ba\u015flamas\u0131 tavsiye edilir.<\/p>\n\n<p>Hamilelikle alakal\u0131 y\u00fcksek tansiyon (hipertansiyon), preeklampsi, eklampsi (gebelik zehirlenmeleri) de \u00e7o\u011ful ve ikiz gebeliklerde daha fazla g\u00f6r\u00fclmektedir.<\/p>\n\n<p>Plasentada bozuklar\u0131n g\u00f6r\u00fclme \u015fans\u0131 y\u00fckselir. Keselerden birinde veya her ikisinde birden amniyon s\u0131v\u0131s\u0131n\u0131n normalden \u00e7ok g\u00f6r\u00fclmesi (polihidramnios) olas\u0131d\u0131r. Fet\u00fcs\u00fcn duru\u015funda bozukluklar olma olas\u0131l\u0131\u011f\u0131 ve do\u011fumun zorla\u015fma ihtimali de artmaktad\u0131r. Uterusun gerginle\u015fmesiyle olas\u0131 kanamalar g\u00f6r\u00fclebilir. Bebekler aras\u0131nda damalarlanman\u0131n orant\u0131s\u0131z olmas\u0131yla fazla kan ve kans\u0131zl\u0131k durumlar\u0131 ortaya \u00e7\u0131kabilir. Bebeklerde do\u011fu\u015ftan anomali olma riski de \u00e7o\u011ful gebeliklerde daha y\u00fcksektir.<\/p>\n\n<h3><strong>\u0130kiz Gebelik \/ \u00c7o\u011ful Gebelik Do\u011fum \u015eekilleri<\/strong><\/h3>\n\n<p>\u00dc\u00e7\u00fcz ve d\u00f6rd\u00fcz hamilelik durumlar\u0131nda do\u011fumda sezaryen y\u00f6ntemi tercih edilir. \u0130kiz hamilelik durumunda ise hem normal hem de sezaryen \u00f6neren hekimler vard\u0131r.<\/p>\n\n<p>Monoamniyotik, yap\u0131\u015f\u0131k ikizler, bebeklerden geli\u015f \u015fekilleri (ba\u015f ile do\u011fum kanal\u0131na gelmedikleri durumlar), bebeklerin kilolar\u0131 aras\u0131nda fazla fark olmas\u0131 ve kilolar\u0131n\u0131n 1,5 kilodan az olmas\u0131 durumlar\u0131nda mutlaka sezaryen do\u011fum tercih edilir. Bunun d\u0131\u015f\u0131nda sezaryen y\u00f6nteminin tercih edilebilece\u011fi durumlar doktorlar aras\u0131nda g\u00f6r\u00fc\u015f farkl\u0131l\u0131klar\u0131 i\u00e7ermektedir.<\/p>\n\t\t\t\t\t\t\t\t<\/div>\n\t\t\t\t<\/div>\n\t\t\t\t\t<\/div>\n\t\t<\/div>\n\t\t\t\t\t<\/div>\n\t\t<\/section>\n\t\t\t\t<section class=\"elementor-section elementor-top-section elementor-element elementor-element-a52964f elementor-section-boxed elementor-section-height-default elementor-section-height-default\" data-id=\"a52964f\" data-element_type=\"section\">\n\t\t\t\t\t\t<div class=\"elementor-container elementor-column-gap-default\">\n\t\t\t\t\t<div class=\"elementor-column elementor-col-100 elementor-top-column elementor-element elementor-element-296c771\" data-id=\"296c771\" data-element_type=\"column\">\n\t\t\t<div class=\"elementor-widget-wrap elementor-element-populated\">\n\t\t\t\t\t\t<div class=\"elementor-element elementor-element-425a0c8 elementor-widget elementor-widget-wpforms\" data-id=\"425a0c8\" data-element_type=\"widget\" data-widget_type=\"wpforms.default\">\n\t\t\t\t<div class=\"elementor-widget-container\">\n\t\t\t\t\t<div class=\"wpforms-container wpforms-container-full wpforms-render-modern\" id=\"wpforms-1395\"><form id=\"wpforms-form-1395\" class=\"wpforms-validate wpforms-form wpforms-ajax-form\" data-formid=\"1395\" method=\"post\" enctype=\"multipart\/form-data\" action=\"\/en\/wp-json\/wp\/v2\/pages\/1172\" data-token=\"c752ad1860847d98146beff7177517b7\" data-token-time=\"1777481340\"><noscript class=\"wpforms-error-noscript\">Please enable JavaScript in your browser to complete this form.<\/noscript><div id=\"wpforms-error-noscript\" style=\"display: none;\">Please enable JavaScript in your browser to complete this form.<\/div><div class=\"wpforms-field-container\">\t\t<div id=\"wpforms-1395-field_5-container\"\n\t\t\tclass=\"wpforms-field wpforms-field-text\"\n\t\t\tdata-field-type=\"text\"\n\t\t\tdata-field-id=\"5\"\n\t\t\t>\n\t\t\t<label class=\"wpforms-field-label\" for=\"wpforms-1395-field_5\" >Number Surname Phone<\/label>\n\t\t\t<input type=\"text\" id=\"wpforms-1395-field_5\" class=\"wpforms-field-medium\" name=\"wpforms[fields][5]\" >\n\t\t<\/div>\n\t\t<div id=\"wpforms-1395-field_1-container\" class=\"wpforms-field wpforms-field-text\" data-field-id=\"1\"><label class=\"wpforms-field-label\" for=\"wpforms-1395-field_1\">Name Surname<\/label><input type=\"text\" id=\"wpforms-1395-field_1\" class=\"wpforms-field-medium\" name=\"wpforms[fields][1]\" aria-errormessage=\"wpforms-1395-field_1-error\" ><\/div><div id=\"wpforms-1395-field_2-container\" class=\"wpforms-field wpforms-field-text\" data-field-id=\"2\"><label class=\"wpforms-field-label\" for=\"wpforms-1395-field_2\">Phone Number<\/label><input type=\"text\" id=\"wpforms-1395-field_2\" class=\"wpforms-field-medium\" name=\"wpforms[fields][2]\" aria-errormessage=\"wpforms-1395-field_2-error\" ><\/div><div id=\"wpforms-1395-field_3-container\" class=\"wpforms-field wpforms-field-text\" data-field-id=\"3\"><label class=\"wpforms-field-label\" for=\"wpforms-1395-field_3\">Email<\/label><input type=\"text\" id=\"wpforms-1395-field_3\" class=\"wpforms-field-medium\" name=\"wpforms[fields][3]\" aria-errormessage=\"wpforms-1395-field_3-error\" ><\/div><div id=\"wpforms-1395-field_4-container\" class=\"wpforms-field wpforms-field-select wpforms-field-select-style-classic\" data-field-id=\"4\"><label class=\"wpforms-field-label\" for=\"wpforms-1395-field_4\">Treatment<\/label><select id=\"wpforms-1395-field_4\" class=\"wpforms-field-medium\" name=\"wpforms[fields][4]\"><option value=\"BBL\"  class=\"choice-1 depth-1\"  >BBL<\/option><option value=\"Breast Surgeries\"  class=\"choice-2 depth-1\"  >Breast Surgeries<\/option><option value=\"Face Surgeries\"  class=\"choice-3 depth-1\"  >Face Surgeries<\/option><\/select><\/div><script>\n\t\t\t\t( function() {\n\t\t\t\t\tconst style = document.createElement( 'style' );\n\t\t\t\t\tstyle.appendChild( document.createTextNode( '#wpforms-1395-field_5-container { position: absolute !important; overflow: hidden !important; display: inline !important; height: 1px !important; width: 1px !important; z-index: -1000 !important; padding: 0 !important; } #wpforms-1395-field_5-container input { visibility: hidden; } #wpforms-conversational-form-page #wpforms-1395-field_5-container label { counter-increment: none; }' ) );\n\t\t\t\t\tdocument.head.appendChild( style );\n\t\t\t\t\tdocument.currentScript?.remove();\n\t\t\t\t} )();\n\t\t\t<\/script><\/div><!-- .wpforms-field-container --><div class=\"wpforms-submit-container\" ><input type=\"hidden\" name=\"wpforms[id]\" value=\"1395\"><input type=\"hidden\" name=\"page_title\" value=\"\"><input type=\"hidden\" name=\"page_url\" value=\"https:\/\/drdenizyildirim.com\/en\/wp-json\/wp\/v2\/pages\/1172\"><input type=\"hidden\" name=\"url_referer\" value=\"\"><button type=\"submit\" name=\"wpforms[submit]\" id=\"wpforms-submit-1395\" class=\"wpforms-submit\" data-alt-text=\"Sending...\" data-submit-text=\"Submit\" aria-live=\"assertive\" value=\"wpforms-submit\">Submit<\/button><img decoding=\"async\" src=\"https:\/\/drdenizyildirim.com\/en\/wp-content\/plugins\/wpforms\/assets\/images\/submit-spin.svg\" class=\"wpforms-submit-spinner\" style=\"display: none;\" width=\"26\" height=\"26\" alt=\"Loading\"><\/div><\/form><\/div>  <!-- .wpforms-container -->\t\t\t\t<\/div>\n\t\t\t\t<\/div>\n\t\t\t\t\t<\/div>\n\t\t<\/div>\n\t\t\t\t\t<\/div>\n\t\t<\/section>\n\t\t\t\t<\/div>\n\t\t","protected":false},"excerpt":{"rendered":"<p>\u00c7o\u011ful Gebelik Nedir? Birden \u00e7ok bebe\u011fe hamile kalma durumu \u00e7o\u011ful gebelik olarak adland\u0131r\u0131lmaktad\u0131r. \u0130kiz, \u00fc\u00e7\u00fcz, d\u00f6rd\u00fcz gebelikler \u00e7o\u011ful gebelik \u00e7e\u015fitleridir. En \u00e7ok g\u00f6r\u00fclen \u00e7o\u011ful gebelik de ikiz gebeliklerdir. \u0130kiz gebelik g\u00f6r\u00fclme olas\u0131l\u0131\u011f\u0131 yakla\u015f\u0131k olarak 85\u2019te 1\u2019dir. \u0130kizler, tek yumurta ikizleri, monozigotik ve \u00e7ift yumurta ikizleri yani dizigotik olmak \u00fczere iki gruba ayr\u0131l\u0131r. T\u00fcm ikiz durumlar\u0131n\u0131n [&hellip;]<\/p>\n","protected":false},"author":1,"featured_media":0,"parent":0,"menu_order":0,"comment_status":"closed","ping_status":"closed","template":"","meta":{"_acf_changed":false,"footnotes":""},"class_list":["post-1172","page","type-page","status-publish","hentry"],"acf":[],"_links":{"self":[{"href":"https:\/\/drdenizyildirim.com\/en\/wp-json\/wp\/v2\/pages\/1172","targetHints":{"allow":["GET"]}}],"collection":[{"href":"https:\/\/drdenizyildirim.com\/en\/wp-json\/wp\/v2\/pages"}],"about":[{"href":"https:\/\/drdenizyildirim.com\/en\/wp-json\/wp\/v2\/types\/page"}],"author":[{"embeddable":true,"href":"https:\/\/drdenizyildirim.com\/en\/wp-json\/wp\/v2\/users\/1"}],"replies":[{"embeddable":true,"href":"https:\/\/drdenizyildirim.com\/en\/wp-json\/wp\/v2\/comments?post=1172"}],"version-history":[{"count":0,"href":"https:\/\/drdenizyildirim.com\/en\/wp-json\/wp\/v2\/pages\/1172\/revisions"}],"wp:attachment":[{"href":"https:\/\/drdenizyildirim.com\/en\/wp-json\/wp\/v2\/media?parent=1172"}],"curies":[{"name":"wp","href":"https:\/\/api.w.org\/{rel}","templated":true}]}}