{"id":42,"date":"2017-10-05T18:13:37","date_gmt":"2017-10-05T18:13:37","guid":{"rendered":"http:\/\/www.kadindogumestetik.com\/?page_id=42"},"modified":"2022-10-10T00:53:54","modified_gmt":"2022-10-09T21:53:54","slug":"about","status":"publish","type":"page","link":"https:\/\/drdenizyildirim.com\/en\/about\/","title":{"rendered":"About"},"content":{"rendered":"\t\t<div data-elementor-type=\"wp-page\" data-elementor-id=\"42\" class=\"elementor elementor-42\">\n\t\t\t\t\t\t<section class=\"elementor-section elementor-top-section elementor-element elementor-element-10a3028 elementor-section-boxed elementor-section-height-default elementor-section-height-default\" data-id=\"10a3028\" data-element_type=\"section\">\n\t\t\t\t\t\t<div class=\"elementor-container elementor-column-gap-default\">\n\t\t\t\t\t<div class=\"elementor-column elementor-col-50 elementor-top-column elementor-element elementor-element-26843d0\" data-id=\"26843d0\" data-element_type=\"column\">\n\t\t\t<div class=\"elementor-widget-wrap elementor-element-populated\">\n\t\t\t\t\t\t<div class=\"elementor-element elementor-element-66758ab elementor-widget elementor-widget-image\" data-id=\"66758ab\" data-element_type=\"widget\" data-widget_type=\"image.default\">\n\t\t\t\t<div class=\"elementor-widget-container\">\n\t\t\t\t\t\t\t\t\t\t\t\t\t\t\t<img fetchpriority=\"high\" decoding=\"async\" width=\"683\" height=\"1024\" src=\"https:\/\/drdenizyildirim.com\/en\/wp-content\/uploads\/2022\/10\/IMG_6116-683x1024.jpg\" class=\"attachment-large size-large wp-image-1206\" alt=\"\" srcset=\"https:\/\/drdenizyildirim.com\/en\/wp-content\/uploads\/2022\/10\/IMG_6116-683x1024.jpg 683w, https:\/\/drdenizyildirim.com\/en\/wp-content\/uploads\/2022\/10\/IMG_6116-600x900.jpg 600w, https:\/\/drdenizyildirim.com\/en\/wp-content\/uploads\/2022\/10\/IMG_6116-200x300.jpg 200w, https:\/\/drdenizyildirim.com\/en\/wp-content\/uploads\/2022\/10\/IMG_6116-768x1152.jpg 768w, https:\/\/drdenizyildirim.com\/en\/wp-content\/uploads\/2022\/10\/IMG_6116-1024x1536.jpg 1024w, https:\/\/drdenizyildirim.com\/en\/wp-content\/uploads\/2022\/10\/IMG_6116.jpg 1200w\" sizes=\"(max-width: 683px) 100vw, 683px\" \/>\t\t\t\t\t\t\t\t\t\t\t\t\t\t\t<\/div>\n\t\t\t\t<\/div>\n\t\t\t\t\t<\/div>\n\t\t<\/div>\n\t\t\t\t<div class=\"elementor-column elementor-col-50 elementor-top-column elementor-element elementor-element-191a4e5\" data-id=\"191a4e5\" data-element_type=\"column\">\n\t\t\t<div class=\"elementor-widget-wrap elementor-element-populated\">\n\t\t\t\t\t\t<div class=\"elementor-element elementor-element-7a4a9c9 elementor-widget elementor-widget-heading\" data-id=\"7a4a9c9\" data-element_type=\"widget\" data-widget_type=\"heading.default\">\n\t\t\t\t<div class=\"elementor-widget-container\">\n\t\t\t\t\t<h2 class=\"elementor-heading-title elementor-size-default\">Op. Dr. Deniz Y\u0131ld\u0131r\u0131m<\/h2>\t\t\t\t<\/div>\n\t\t\t\t<\/div>\n\t\t\t\t<div class=\"elementor-element elementor-element-a214892 elementor-widget elementor-widget-text-editor\" data-id=\"a214892\" data-element_type=\"widget\" data-widget_type=\"text-editor.default\">\n\t\t\t\t<div class=\"elementor-widget-container\">\n\t\t\t\t\t\t\t\t\t<p>As an employee of my plastics expertise, I am in my 9th year in the company during my operation. I had the chance to focus more on current aesthetic operations in the aesthetic branch.<\/p><p>Professionally, I am always up-to-date, open to development and curious about learning time. I am a person who cares about team spirit and I like to have patients. It will be my ideal about the target in the direction of purchasing to work.<\/p><p><b>WORK EXPERIENCES<\/b><\/p><p>ESTETHICA LEVENT HOSPITAL, ISTANBUL \u2013 After the compulsory service, it may provide an opportunity to go out of the institution for about 8 months.<\/p><p>ALFA MEDICAL CENTER, IZMIR \u2013 I am present at the institution, it is not my institution, they have personal operations and experience in dermakosme.<\/p><p><strong>EDUCATION<\/strong><\/p><ul><li><b>2015-2020<\/b> \u2013 PhD, ADNAN MENDERES UNIVERSITY FACULTY OF TIPS<\/li><li><b>2007-2013<\/b> \u2013 MASTER&#8217;S GRADUATE, ESKISEHIR OSMANGAZI UNIVERSITY TIPS FACULTY<\/li><li><b>2007-2013<\/b> \u2013 DEPARTMENT OF OBSERVATION, MULTIDISIPINER SURGERY AND DENTAL SURGERY ORAL MAXILLOFACIAL SURGERY UNIT, NAPLES, ITALY<\/li><\/ul>\t\t\t\t\t\t\t\t<\/div>\n\t\t\t\t<\/div>\n\t\t\t\t\t<\/div>\n\t\t<\/div>\n\t\t\t\t\t<\/div>\n\t\t<\/section>\n\t\t\t\t<section class=\"elementor-section elementor-top-section elementor-element elementor-element-e4075be elementor-section-boxed elementor-section-height-default elementor-section-height-default\" data-id=\"e4075be\" data-element_type=\"section\">\n\t\t\t\t\t\t<div class=\"elementor-container elementor-column-gap-default\">\n\t\t\t\t\t<div class=\"elementor-column elementor-col-100 elementor-top-column elementor-element elementor-element-02e0f1d\" data-id=\"02e0f1d\" data-element_type=\"column\">\n\t\t\t<div class=\"elementor-widget-wrap elementor-element-populated\">\n\t\t\t\t\t\t<div class=\"elementor-element elementor-element-dfe3f5c elementor-widget elementor-widget-text-editor\" data-id=\"dfe3f5c\" data-element_type=\"widget\" data-widget_type=\"text-editor.default\">\n\t\t\t\t<div class=\"elementor-widget-container\">\n\t\t\t\t\t\t\t\t\t<p><b>Publications<\/b><\/p><ul><li>1. \u00d6ZKAN, H. S., \u0130RK\u00d6REN, S., AYDIN, O. E., KARACA, H. &amp; YILDIRIM,T.D.. (2017).COMPARISON OF FREE PERFORATOR FLAPS FOR ACUTE LOWER EXTREMITY RECONSTRUCTION. HAND MICROSURG 2017;X:X-X DOI:10.5455\/HANDMICROSURG.238279<\/li><li>2. HS \u00d6ZKAN, S \u0130RK\u00d6REN, H KARACA, DY TAHA, K CICEK, C TATARO\u011eLU (2018). EFFECTS OF INTRA-ARTICULAR PLATELET-RICH PLASMA ADMINISTRATION IN TEMPOROMANDIBULAR JOINT ARTHRITIS: AN EXPERIMENTAL STUDY MEANDROS MEDICAL AND DENTAL JOURNAL 19 (3), 198<\/li><\/ul><p><b>Certificates<\/b><\/p><ul><li>9th BAPRAS Congress + Day Aesthetics Symposium \u2018\u2019 Figures And Shapes in the Balkans\u2019\u2019,Thessaloniki, Greece 2015<\/li><li>Course of Osteotomies and Dorsal Sculpting in Rhinoplasty by Aesthetic, Plastic Surgery Association, Istanbul,2016<\/li><li>1st National Convention by Facial Aesthetic Surgery and Rhinoplasty Society ISEF, Istanbul ,2017 Current Approaches of Oncologic Breast Surgery Symposium by Ayd\u0131n Breast Diseases Association, Kusadas\u0131, 2016\u00a0<\/li><li>13th Congress of the European Federation of Societies for Microsurgery , Antalya, 2016<\/li><li>39th National Convention by Turkish Plastic, Reconstructive and Aesthetic Surgery Association, Antalya, 2017<\/li><li>15th NATIONAL BREAST DISEASE CONGRESS?, Turkish Federation of Breast Diseases Association, Antalya, 2019<\/li><\/ul>\t\t\t\t\t\t\t\t<\/div>\n\t\t\t\t<\/div>\n\t\t\t\t\t<\/div>\n\t\t<\/div>\n\t\t\t\t\t<\/div>\n\t\t<\/section>\n\t\t\t\t<\/div>\n\t\t","protected":false},"excerpt":{"rendered":"<p>Op. Dr. Deniz Y\u0131ld\u0131r\u0131m As an employee of my plastics expertise, I am in my 9th year in the company during my operation. I had the chance to focus more on current aesthetic operations in the aesthetic branch. Professionally, I am always up-to-date, open to development and curious about learning time. I am a person [&hellip;]<\/p>\n","protected":false},"author":1,"featured_media":0,"parent":0,"menu_order":0,"comment_status":"closed","ping_status":"closed","template":"","meta":{"_acf_changed":false,"footnotes":""},"class_list":["post-42","page","type-page","status-publish","hentry"],"acf":[],"_links":{"self":[{"href":"https:\/\/drdenizyildirim.com\/en\/wp-json\/wp\/v2\/pages\/42","targetHints":{"allow":["GET"]}}],"collection":[{"href":"https:\/\/drdenizyildirim.com\/en\/wp-json\/wp\/v2\/pages"}],"about":[{"href":"https:\/\/drdenizyildirim.com\/en\/wp-json\/wp\/v2\/types\/page"}],"author":[{"embeddable":true,"href":"https:\/\/drdenizyildirim.com\/en\/wp-json\/wp\/v2\/users\/1"}],"replies":[{"embeddable":true,"href":"https:\/\/drdenizyildirim.com\/en\/wp-json\/wp\/v2\/comments?post=42"}],"version-history":[{"count":0,"href":"https:\/\/drdenizyildirim.com\/en\/wp-json\/wp\/v2\/pages\/42\/revisions"}],"wp:attachment":[{"href":"https:\/\/drdenizyildirim.com\/en\/wp-json\/wp\/v2\/media?parent=42"}],"curies":[{"name":"wp","href":"https:\/\/api.w.org\/{rel}","templated":true}]}}